{"id":51,"date":"2023-03-18T13:09:11","date_gmt":"2023-03-18T13:09:11","guid":{"rendered":"https:\/\/zugerjagd.ch\/new\/?page_id=51"},"modified":"2023-03-18T21:17:30","modified_gmt":"2023-03-18T21:17:30","slug":"rehkitzrettung","status":"publish","type":"page","link":"https:\/\/zugerjagd.ch\/new\/rehkitzrettung\/","title":{"rendered":"Rehkitzrettung"},"content":{"rendered":"<div class=\"wpb-content-wrapper\"><p>[vc_row][vc_column][vc_column_text]<strong>Rehkitzrettung mit Drohnen im Kanton Zug<\/strong><\/p>\n<p>Das Amt fu\u0308r Wald und Wild (AFW) hat 2020 fu\u0308r die Rettung von Rehkitzen vor dem Verm\u00e4hen eine Drohne mit W\u00e4rmebildkamera angeschafft. Bei den durch die kantonale Wildhut durchgefu\u0308hrten Eins\u00e4tzen im Mai und Juni 2020 konnten wichtige Erfahrungen im Umgang mit der Drohne zur Rettung von Rehkitzen gesammelt werden. Aufgrund der positiven Erfahrungen wurde nun unter der Schirmherrschaft des Zuger Kantonalen Patentj\u00e4gervereins (ZKPJV) mit der Unterstu\u0308tzung des Bauernverbands und dem Amt fu\u0308r Landwirtschaft diese kostenlose Dienstleistung fu\u0308r die Landwirte ausgebaut. Dazu schaffte der Patentj\u00e4gerverein unter finanzieller Beteiligung des Bauernverbandes zwei zus\u00e4tzlich Drohnen mit W\u00e4rmebildkameras an. Somit stehen nun drei baugleiche Drohnen fu\u0308r die Rehkitzrettung zur Verfu\u0308gung. In Zusammenarbeit mit dem ZKPJV u\u0308bernimmt das AFW dabei die Ausbildung der Piloten sowie die Koordination der Eins\u00e4tze. Die eigentliche Rehkitzrettung wird vollst\u00e4ndig durch die Mitglieder des ZKPJV und weiteren freiwilligen Helferinnen und Helfer u\u0308bernommen.[\/vc_column_text][vc_separator color=&#8220;black&#8220;][\/vc_column][\/vc_row][vc_row][vc_column][vc_column_text]<strong>Impressionen<\/strong>[\/vc_column_text][\/vc_column][\/vc_row][vc_row][vc_column][vc_gallery type=&#8220;image_grid&#8220; images=&#8220;249,248,247,246,245,244,243,242,241,240,239,238,237,236,235,234,233,232,231,230&#8243;][\/vc_column][\/vc_row]<\/p>\n<\/div>","protected":false},"excerpt":{"rendered":"<p>[vc_row][vc_column][vc_column_text]Rehkitzrettung mit Drohnen im Kanton Zug Das Amt fu\u0308r Wald und Wild (AFW) hat 2020 fu\u0308r die Rettung von Rehkitzen vor dem Verm\u00e4hen eine Drohne mit W\u00e4rmebildkamera angeschafft. Bei den durch die kantonale Wildhut durchgefu\u0308hrten Eins\u00e4tzen im Mai und Juni 2020 konnten wichtige Erfahrungen im Umgang mit der Drohne zur Rettung von Rehkitzen gesammelt werden. [&hellip;]<\/p>\n","protected":false},"author":1,"featured_media":0,"parent":0,"menu_order":0,"comment_status":"closed","ping_status":"closed","template":"","meta":{"footnotes":""},"class_list":["post-51","page","type-page","status-publish","hentry"],"_links":{"self":[{"href":"https:\/\/zugerjagd.ch\/new\/wp-json\/wp\/v2\/pages\/51","targetHints":{"allow":["GET"]}}],"collection":[{"href":"https:\/\/zugerjagd.ch\/new\/wp-json\/wp\/v2\/pages"}],"about":[{"href":"https:\/\/zugerjagd.ch\/new\/wp-json\/wp\/v2\/types\/page"}],"author":[{"embeddable":true,"href":"https:\/\/zugerjagd.ch\/new\/wp-json\/wp\/v2\/users\/1"}],"replies":[{"embeddable":true,"href":"https:\/\/zugerjagd.ch\/new\/wp-json\/wp\/v2\/comments?post=51"}],"version-history":[{"count":5,"href":"https:\/\/zugerjagd.ch\/new\/wp-json\/wp\/v2\/pages\/51\/revisions"}],"predecessor-version":[{"id":251,"href":"https:\/\/zugerjagd.ch\/new\/wp-json\/wp\/v2\/pages\/51\/revisions\/251"}],"wp:attachment":[{"href":"https:\/\/zugerjagd.ch\/new\/wp-json\/wp\/v2\/media?parent=51"}],"curies":[{"name":"wp","href":"https:\/\/api.w.org\/{rel}","templated":true}]}}