{"id":49,"date":"2023-03-18T13:09:11","date_gmt":"2023-03-18T13:09:11","guid":{"rendered":"https:\/\/zugerjagd.ch\/new\/?page_id=49"},"modified":"2023-03-20T22:51:47","modified_gmt":"2023-03-20T22:51:47","slug":"impressionen-2014","status":"publish","type":"page","link":"https:\/\/zugerjagd.ch\/new\/impressionen-2014\/","title":{"rendered":"Impressionen 2014"},"content":{"rendered":"<div class=\"wpb-content-wrapper\"><p>[vc_row][vc_column][vc_column_text]Wir freuen uns \u00fcber aktuelle Fotos der Zugerjagd 2014, welche wir hier ver\u00f6ffentlichen d\u00fcrfen. Bitte schickt diese an <a href=\"mailto:webmaster@zugerjagd.ch\">webmaster@zugerjagd.ch<\/a>. Besten Dank.<\/p>\n<p>Allen J\u00e4gerinnen und J\u00e4ger w\u00fcnschen wir eine unfallfreie Jagd mit viel Anblick und Weidmannsheil![\/vc_column_text][\/vc_column][\/vc_row][vc_row][vc_column][vc_column_text]<strong>Rehjagd 2014<\/strong>[\/vc_column_text][\/vc_column][\/vc_row][vc_row][vc_column][vc_gallery type=&#8220;image_grid&#8220; images=&#8220;544,542,540,538,536,534,532,530,526,528,524,522,520,518&#8243;][\/vc_column][\/vc_row][vc_row][vc_column][vc_column_text]<strong>Hirschjagd 2014<\/strong>[\/vc_column_text][\/vc_column][\/vc_row][vc_row][vc_column][vc_gallery type=&#8220;image_grid&#8220; images=&#8220;516,514,512,510,508,506,504,502,500,498,496,494,492,490,488,486,484,482,480,478,475,473,471,469,467&#8243;][\/vc_column][\/vc_row]<\/p>\n<\/div>","protected":false},"excerpt":{"rendered":"<p>[vc_row][vc_column][vc_column_text]Wir freuen uns \u00fcber aktuelle Fotos der Zugerjagd 2014, welche wir hier ver\u00f6ffentlichen d\u00fcrfen. Bitte schickt diese an webmaster@zugerjagd.ch. Besten Dank. Allen J\u00e4gerinnen und J\u00e4ger w\u00fcnschen wir eine unfallfreie Jagd mit viel Anblick und Weidmannsheil![\/vc_column_text][\/vc_column][\/vc_row][vc_row][vc_column][vc_column_text]Rehjagd 2014[\/vc_column_text][\/vc_column][\/vc_row][vc_row][vc_column][vc_gallery type=&#8220;image_grid&#8220; images=&#8220;544,542,540,538,536,534,532,530,526,528,524,522,520,518&#8243;][\/vc_column][\/vc_row][vc_row][vc_column][vc_column_text]Hirschjagd 2014[\/vc_column_text][\/vc_column][\/vc_row][vc_row][vc_column][vc_gallery type=&#8220;image_grid&#8220; images=&#8220;516,514,512,510,508,506,504,502,500,498,496,494,492,490,488,486,484,482,480,478,475,473,471,469,467&#8243;][\/vc_column][\/vc_row]<\/p>\n","protected":false},"author":1,"featured_media":0,"parent":0,"menu_order":0,"comment_status":"closed","ping_status":"closed","template":"","meta":{"footnotes":""},"class_list":["post-49","page","type-page","status-publish","hentry"],"_links":{"self":[{"href":"https:\/\/zugerjagd.ch\/new\/wp-json\/wp\/v2\/pages\/49","targetHints":{"allow":["GET"]}}],"collection":[{"href":"https:\/\/zugerjagd.ch\/new\/wp-json\/wp\/v2\/pages"}],"about":[{"href":"https:\/\/zugerjagd.ch\/new\/wp-json\/wp\/v2\/types\/page"}],"author":[{"embeddable":true,"href":"https:\/\/zugerjagd.ch\/new\/wp-json\/wp\/v2\/users\/1"}],"replies":[{"embeddable":true,"href":"https:\/\/zugerjagd.ch\/new\/wp-json\/wp\/v2\/comments?post=49"}],"version-history":[{"count":5,"href":"https:\/\/zugerjagd.ch\/new\/wp-json\/wp\/v2\/pages\/49\/revisions"}],"predecessor-version":[{"id":1485,"href":"https:\/\/zugerjagd.ch\/new\/wp-json\/wp\/v2\/pages\/49\/revisions\/1485"}],"wp:attachment":[{"href":"https:\/\/zugerjagd.ch\/new\/wp-json\/wp\/v2\/media?parent=49"}],"curies":[{"name":"wp","href":"https:\/\/api.w.org\/{rel}","templated":true}]}}