{"id":48,"date":"2023-03-18T13:09:11","date_gmt":"2023-03-18T13:09:11","guid":{"rendered":"https:\/\/zugerjagd.ch\/new\/?page_id=48"},"modified":"2023-03-20T22:50:49","modified_gmt":"2023-03-20T22:50:49","slug":"impressionen-2016","status":"publish","type":"page","link":"https:\/\/zugerjagd.ch\/new\/impressionen-2016\/","title":{"rendered":"Impressionen 2016"},"content":{"rendered":"<div class=\"wpb-content-wrapper\"><p>[vc_row][vc_column][vc_column_text]Wir freuen uns \u00fcber aktuelle Fotos der Zugerjagd 2016, welche wir hier ver\u00f6ffentlichen d\u00fcrfen. Bitte schickt diese an <a href=\"mailto:webmaster@zugerjagd.ch\">webmaster@zugerjagd.ch<\/a>. Besten Dank.<\/p>\n<p>Allen J\u00e4gerinnen und J\u00e4ger w\u00fcnschen wir eine unfallfreie Jagd mit viel Anblick und Weidmannsheil![\/vc_column_text][\/vc_column][\/vc_row][vc_row][vc_column][vc_column_text]<strong>Rehjagd 2016<\/strong>[\/vc_column_text][\/vc_column][\/vc_row][vc_row][vc_column][vc_gallery type=&#8220;image_grid&#8220; images=&#8220;719,717,718,716,715,714,713&#8243;][\/vc_column][\/vc_row][vc_row][vc_column][vc_column_text]<strong>Hirschjagd 2016<\/strong>[\/vc_column_text][\/vc_column][\/vc_row][vc_row][vc_column][vc_gallery type=&#8220;image_grid&#8220; images=&#8220;712,710,711,708,709,707,706,705,703,704,702,700,701,699,697,698,696,694,695,692,693,691,689,690,688,687,686,685,684,683,682,681,680&#8243;][\/vc_column][\/vc_row]<\/p>\n<\/div>","protected":false},"excerpt":{"rendered":"<p>[vc_row][vc_column][vc_column_text]Wir freuen uns \u00fcber aktuelle Fotos der Zugerjagd 2016, welche wir hier ver\u00f6ffentlichen d\u00fcrfen. Bitte schickt diese an webmaster@zugerjagd.ch. Besten Dank. Allen J\u00e4gerinnen und J\u00e4ger w\u00fcnschen wir eine unfallfreie Jagd mit viel Anblick und Weidmannsheil![\/vc_column_text][\/vc_column][\/vc_row][vc_row][vc_column][vc_column_text]Rehjagd 2016[\/vc_column_text][\/vc_column][\/vc_row][vc_row][vc_column][vc_gallery type=&#8220;image_grid&#8220; images=&#8220;719,717,718,716,715,714,713&#8243;][\/vc_column][\/vc_row][vc_row][vc_column][vc_column_text]Hirschjagd 2016[\/vc_column_text][\/vc_column][\/vc_row][vc_row][vc_column][vc_gallery type=&#8220;image_grid&#8220; images=&#8220;712,710,711,708,709,707,706,705,703,704,702,700,701,699,697,698,696,694,695,692,693,691,689,690,688,687,686,685,684,683,682,681,680&#8243;][\/vc_column][\/vc_row]<\/p>\n","protected":false},"author":1,"featured_media":0,"parent":0,"menu_order":0,"comment_status":"closed","ping_status":"closed","template":"","meta":{"footnotes":""},"class_list":["post-48","page","type-page","status-publish","hentry"],"_links":{"self":[{"href":"https:\/\/zugerjagd.ch\/new\/wp-json\/wp\/v2\/pages\/48","targetHints":{"allow":["GET"]}}],"collection":[{"href":"https:\/\/zugerjagd.ch\/new\/wp-json\/wp\/v2\/pages"}],"about":[{"href":"https:\/\/zugerjagd.ch\/new\/wp-json\/wp\/v2\/types\/page"}],"author":[{"embeddable":true,"href":"https:\/\/zugerjagd.ch\/new\/wp-json\/wp\/v2\/users\/1"}],"replies":[{"embeddable":true,"href":"https:\/\/zugerjagd.ch\/new\/wp-json\/wp\/v2\/comments?post=48"}],"version-history":[{"count":5,"href":"https:\/\/zugerjagd.ch\/new\/wp-json\/wp\/v2\/pages\/48\/revisions"}],"predecessor-version":[{"id":1483,"href":"https:\/\/zugerjagd.ch\/new\/wp-json\/wp\/v2\/pages\/48\/revisions\/1483"}],"wp:attachment":[{"href":"https:\/\/zugerjagd.ch\/new\/wp-json\/wp\/v2\/media?parent=48"}],"curies":[{"name":"wp","href":"https:\/\/api.w.org\/{rel}","templated":true}]}}