{"id":45,"date":"2023-03-18T13:09:11","date_gmt":"2023-03-18T13:09:11","guid":{"rendered":"https:\/\/zugerjagd.ch\/new\/?page_id=45"},"modified":"2023-03-20T22:49:30","modified_gmt":"2023-03-20T22:49:30","slug":"impressionen-2019","status":"publish","type":"page","link":"https:\/\/zugerjagd.ch\/new\/impressionen-2019\/","title":{"rendered":"Impressionen 2019"},"content":{"rendered":"<div class=\"wpb-content-wrapper\"><p>[vc_row][vc_column][vc_column_text]Wir freuen uns \u00fcber aktuelle Fotos der Zugerjagd 2019, welche wir hier ver\u00f6ffentlichen d\u00fcrfen. Bitte schickt diese an <a href=\"mailto:webmaster@zugerjagd.ch\">webmaster@zugerjagd.ch<\/a>. Besten Dank.<\/p>\n<p>Allen J\u00e4gerinnen und J\u00e4ger w\u00fcnschen wir eine unfallfreie Jagd mit viel Anblick und Weidmannsheil![\/vc_column_text][\/vc_column][\/vc_row][vc_row][vc_column][vc_column_text]<strong>Niederwildjagd 2019<\/strong>[\/vc_column_text][\/vc_column][\/vc_row][vc_row][vc_column][vc_gallery type=&#8220;image_grid&#8220; images=&#8220;963,962,961,960,959,958,957,956,955,954,953,952,951,950,949,948,947,946,945&#8243;][\/vc_column][\/vc_row][vc_row][vc_column][vc_column_text]<strong>Hirschjagd 2019<\/strong>[\/vc_column_text][\/vc_column][\/vc_row][vc_row][vc_column][vc_gallery type=&#8220;image_grid&#8220; images=&#8220;944,943,942,941,940,939,938,937,936,935,934,933,932,931,930,929,928,927,926,925,924,923,922,921,920,919,918,917,916,915,914,913,912,911,910,909,908,907,906,905,904,903,902,901,900,899,898,897,896,895,894,893,892,891,890,889&#8243;][\/vc_column][\/vc_row]<\/p>\n<\/div>","protected":false},"excerpt":{"rendered":"<p>[vc_row][vc_column][vc_column_text]Wir freuen uns \u00fcber aktuelle Fotos der Zugerjagd 2019, welche wir hier ver\u00f6ffentlichen d\u00fcrfen. Bitte schickt diese an webmaster@zugerjagd.ch. Besten Dank. Allen J\u00e4gerinnen und J\u00e4ger w\u00fcnschen wir eine unfallfreie Jagd mit viel Anblick und Weidmannsheil![\/vc_column_text][\/vc_column][\/vc_row][vc_row][vc_column][vc_column_text]Niederwildjagd 2019[\/vc_column_text][\/vc_column][\/vc_row][vc_row][vc_column][vc_gallery type=&#8220;image_grid&#8220; images=&#8220;963,962,961,960,959,958,957,956,955,954,953,952,951,950,949,948,947,946,945&#8243;][\/vc_column][\/vc_row][vc_row][vc_column][vc_column_text]Hirschjagd 2019[\/vc_column_text][\/vc_column][\/vc_row][vc_row][vc_column][vc_gallery type=&#8220;image_grid&#8220; images=&#8220;944,943,942,941,940,939,938,937,936,935,934,933,932,931,930,929,928,927,926,925,924,923,922,921,920,919,918,917,916,915,914,913,912,911,910,909,908,907,906,905,904,903,902,901,900,899,898,897,896,895,894,893,892,891,890,889&#8243;][\/vc_column][\/vc_row]<\/p>\n","protected":false},"author":1,"featured_media":0,"parent":0,"menu_order":0,"comment_status":"closed","ping_status":"closed","template":"","meta":{"footnotes":""},"class_list":["post-45","page","type-page","status-publish","hentry"],"_links":{"self":[{"href":"https:\/\/zugerjagd.ch\/new\/wp-json\/wp\/v2\/pages\/45","targetHints":{"allow":["GET"]}}],"collection":[{"href":"https:\/\/zugerjagd.ch\/new\/wp-json\/wp\/v2\/pages"}],"about":[{"href":"https:\/\/zugerjagd.ch\/new\/wp-json\/wp\/v2\/types\/page"}],"author":[{"embeddable":true,"href":"https:\/\/zugerjagd.ch\/new\/wp-json\/wp\/v2\/users\/1"}],"replies":[{"embeddable":true,"href":"https:\/\/zugerjagd.ch\/new\/wp-json\/wp\/v2\/comments?post=45"}],"version-history":[{"count":5,"href":"https:\/\/zugerjagd.ch\/new\/wp-json\/wp\/v2\/pages\/45\/revisions"}],"predecessor-version":[{"id":1480,"href":"https:\/\/zugerjagd.ch\/new\/wp-json\/wp\/v2\/pages\/45\/revisions\/1480"}],"wp:attachment":[{"href":"https:\/\/zugerjagd.ch\/new\/wp-json\/wp\/v2\/media?parent=45"}],"curies":[{"name":"wp","href":"https:\/\/api.w.org\/{rel}","templated":true}]}}