{"id":43,"date":"2023-03-18T13:09:11","date_gmt":"2023-03-18T13:09:11","guid":{"rendered":"https:\/\/zugerjagd.ch\/new\/?page_id=43"},"modified":"2023-03-20T22:48:35","modified_gmt":"2023-03-20T22:48:35","slug":"impressionen-2021","status":"publish","type":"page","link":"https:\/\/zugerjagd.ch\/new\/impressionen-2021\/","title":{"rendered":"Impressionen 2021"},"content":{"rendered":"<div class=\"wpb-content-wrapper\"><p>[vc_row][vc_column][vc_column_text]Wir freuen uns \u00fcber aktuelle Fotos der Zugerjagd 2021, welche wir hier ver\u00f6ffentlichen d\u00fcrfen. Bitte schickt diese an <a href=\"mailto:webmaster@zugerjagd.ch\">webmaster@zugerjagd.ch<\/a>. Besten Dank.<\/p>\n<p>Allen J\u00e4gerinnen und J\u00e4ger w\u00fcnschen wir eine unfallfreie Jagd mit viel Anblick und Weidmannsheil![\/vc_column_text][\/vc_column][\/vc_row][vc_row][vc_column][vc_column_text]<strong>Hirschjagd 2021<\/strong>[\/vc_column_text][\/vc_column][\/vc_row][vc_row][vc_column][vc_gallery type=&#8220;image_grid&#8220; images=&#8220;1078,1077,1076,1075,1074,1072,1073,1070,1071,1068,1069,1066,1067,1064,1065,1062,1063,1060,1061,1058,1059,1057,1055,1056,1054,1053,1052,1051,1049,1050,1047,1048,1046,1045,1044,1043,1042,1041,1040,1039,1038,1037,1036,1035,1034,1033,1032,1031,1030,1029,1028&#8243;][\/vc_column][\/vc_row]<\/p>\n<\/div>","protected":false},"excerpt":{"rendered":"<p>[vc_row][vc_column][vc_column_text]Wir freuen uns \u00fcber aktuelle Fotos der Zugerjagd 2021, welche wir hier ver\u00f6ffentlichen d\u00fcrfen. Bitte schickt diese an webmaster@zugerjagd.ch. Besten Dank. Allen J\u00e4gerinnen und J\u00e4ger w\u00fcnschen wir eine unfallfreie Jagd mit viel Anblick und Weidmannsheil![\/vc_column_text][\/vc_column][\/vc_row][vc_row][vc_column][vc_column_text]Hirschjagd 2021[\/vc_column_text][\/vc_column][\/vc_row][vc_row][vc_column][vc_gallery type=&#8220;image_grid&#8220; images=&#8220;1078,1077,1076,1075,1074,1072,1073,1070,1071,1068,1069,1066,1067,1064,1065,1062,1063,1060,1061,1058,1059,1057,1055,1056,1054,1053,1052,1051,1049,1050,1047,1048,1046,1045,1044,1043,1042,1041,1040,1039,1038,1037,1036,1035,1034,1033,1032,1031,1030,1029,1028&#8243;][\/vc_column][\/vc_row]<\/p>\n","protected":false},"author":1,"featured_media":0,"parent":0,"menu_order":0,"comment_status":"closed","ping_status":"closed","template":"","meta":{"footnotes":""},"class_list":["post-43","page","type-page","status-publish","hentry"],"_links":{"self":[{"href":"https:\/\/zugerjagd.ch\/new\/wp-json\/wp\/v2\/pages\/43","targetHints":{"allow":["GET"]}}],"collection":[{"href":"https:\/\/zugerjagd.ch\/new\/wp-json\/wp\/v2\/pages"}],"about":[{"href":"https:\/\/zugerjagd.ch\/new\/wp-json\/wp\/v2\/types\/page"}],"author":[{"embeddable":true,"href":"https:\/\/zugerjagd.ch\/new\/wp-json\/wp\/v2\/users\/1"}],"replies":[{"embeddable":true,"href":"https:\/\/zugerjagd.ch\/new\/wp-json\/wp\/v2\/comments?post=43"}],"version-history":[{"count":5,"href":"https:\/\/zugerjagd.ch\/new\/wp-json\/wp\/v2\/pages\/43\/revisions"}],"predecessor-version":[{"id":1478,"href":"https:\/\/zugerjagd.ch\/new\/wp-json\/wp\/v2\/pages\/43\/revisions\/1478"}],"wp:attachment":[{"href":"https:\/\/zugerjagd.ch\/new\/wp-json\/wp\/v2\/media?parent=43"}],"curies":[{"name":"wp","href":"https:\/\/api.w.org\/{rel}","templated":true}]}}