{"id":35,"date":"2023-03-18T13:09:11","date_gmt":"2023-03-18T13:09:11","guid":{"rendered":"https:\/\/zugerjagd.ch\/new\/?page_id=35"},"modified":"2023-03-19T18:13:39","modified_gmt":"2023-03-19T18:13:39","slug":"schiessen-2013","status":"publish","type":"page","link":"https:\/\/zugerjagd.ch\/new\/schiessen-2013\/","title":{"rendered":"Schiessen 2013"},"content":{"rendered":"<div class=\"wpb-content-wrapper\"><p>[vc_row][vc_column][vc_column_text]<strong>Vereinsjagdschiessen 2013<\/strong><\/p>\n<p>Bei bestem Schiesswetter konnte am 24. August 2013 das 15. Vereinsjagdschiessen des ZKPJV in der Jagdschiessanlage Chuewart in Unter\u00e4geri durchgef\u00fchrt werden. 79 J\u00e4gerinnen und J\u00e4ger haben daran teilgenommen. Erstmals wurde vom OK angeboten, dass unsere Zuger J\u00e4ger einen ausw\u00e4rtigen Jagdkollegen zum Schiessen mitbringen konnten. Leider wurde dieses Angebot wenig genutzt, sodass bei der G\u00e4stekategorie nur einem ausw\u00e4rtigen J\u00e4ger eine Gabe \u00fcberreicht werden konnte.<\/p>\n<p>Im Weiteren wurde in der Schrotmeisterschaft die Tontaube integriert, was f\u00fcr manchen Sch\u00fctzen eine echte Herausforderung war.<br \/>\nTadellos und unfallfrei, von fleissigen Helfern organisiert, ging das eigentliche Schiessen \u00fcber die B\u00fchne.<\/p>\n<p><img loading=\"lazy\" decoding=\"async\" class=\"alignnone size-full wp-image-1357\" src=\"https:\/\/zugerjagd.ch\/new\/wp-content\/uploads\/2023\/03\/P1000413.jpg\" alt=\"\" width=\"640\" height=\"480\" srcset=\"https:\/\/zugerjagd.ch\/new\/wp-content\/uploads\/2023\/03\/P1000413.jpg 640w, https:\/\/zugerjagd.ch\/new\/wp-content\/uploads\/2023\/03\/P1000413-300x225.jpg 300w, https:\/\/zugerjagd.ch\/new\/wp-content\/uploads\/2023\/03\/P1000413-600x450.jpg 600w\" sizes=\"auto, (max-width: 640px) 100vw, 640px\" \/><\/p>\n<p>Nach dem Schiessen wurden die Anwesenden mit einem feinen Mittagessen verw\u00f6hnt, organisiert durch unsere Festwirte Reto Betschart und J\u00f6rg Rogenmoser.<\/p>\n<p><img loading=\"lazy\" decoding=\"async\" class=\"alignnone size-full wp-image-1364\" src=\"https:\/\/zugerjagd.ch\/new\/wp-content\/uploads\/2023\/03\/P1000410.jpg\" alt=\"\" width=\"640\" height=\"480\" srcset=\"https:\/\/zugerjagd.ch\/new\/wp-content\/uploads\/2023\/03\/P1000410.jpg 640w, https:\/\/zugerjagd.ch\/new\/wp-content\/uploads\/2023\/03\/P1000410-300x225.jpg 300w, https:\/\/zugerjagd.ch\/new\/wp-content\/uploads\/2023\/03\/P1000410-600x450.jpg 600w\" sizes=\"auto, (max-width: 640px) 100vw, 640px\" \/><\/p>\n<p>In der Zwischenzeit hatte das Auswertungsb\u00fcro eine Menge Arbeit, bis alle Resultate der einzelnen Kategorien korrekt ausgewertet waren.<\/p>\n<p><img loading=\"lazy\" decoding=\"async\" class=\"alignnone size-full wp-image-1363\" src=\"https:\/\/zugerjagd.ch\/new\/wp-content\/uploads\/2023\/03\/P1000406.jpg\" alt=\"\" width=\"640\" height=\"480\" srcset=\"https:\/\/zugerjagd.ch\/new\/wp-content\/uploads\/2023\/03\/P1000406.jpg 640w, https:\/\/zugerjagd.ch\/new\/wp-content\/uploads\/2023\/03\/P1000406-300x225.jpg 300w, https:\/\/zugerjagd.ch\/new\/wp-content\/uploads\/2023\/03\/P1000406-600x450.jpg 600w\" sizes=\"auto, (max-width: 640px) 100vw, 640px\" \/><\/p>\n<p><img loading=\"lazy\" decoding=\"async\" class=\"alignnone size-full wp-image-1362\" src=\"https:\/\/zugerjagd.ch\/new\/wp-content\/uploads\/2023\/03\/P1000424.jpg\" alt=\"\" width=\"640\" height=\"480\" srcset=\"https:\/\/zugerjagd.ch\/new\/wp-content\/uploads\/2023\/03\/P1000424.jpg 640w, https:\/\/zugerjagd.ch\/new\/wp-content\/uploads\/2023\/03\/P1000424-300x225.jpg 300w, https:\/\/zugerjagd.ch\/new\/wp-content\/uploads\/2023\/03\/P1000424-600x450.jpg 600w\" sizes=\"auto, (max-width: 640px) 100vw, 640px\" \/><\/p>\n<p>Peter Sch\u00f6n und seine Helfer konnten wiederum einen grossz\u00fcgigen und umfangreichen Gabentempel pr\u00e4sentieren. Gaben im Wert von fast CHF 10&#8217;000.- warteten auf die gl\u00fccklichen Gewinner. Herzlichen Dank an die vielen Sponsoren f\u00fcr ihre Grossz\u00fcgigkeit!<\/p>\n<p><img loading=\"lazy\" decoding=\"async\" class=\"alignnone size-full wp-image-1361\" src=\"https:\/\/zugerjagd.ch\/new\/wp-content\/uploads\/2023\/03\/P1000481.jpg\" alt=\"\" width=\"360\" height=\"480\" srcset=\"https:\/\/zugerjagd.ch\/new\/wp-content\/uploads\/2023\/03\/P1000481.jpg 360w, https:\/\/zugerjagd.ch\/new\/wp-content\/uploads\/2023\/03\/P1000481-225x300.jpg 225w\" sizes=\"auto, (max-width: 360px) 100vw, 360px\" \/><\/p>\n<p>Zum Schluss konnte Reto Betschart, Unter\u00e4geri, als gl\u00fccklicher Gewinner die von der Direktion des Innern gespendete Wahlmarke f\u00fcr die Rehwildjagd mit nach Hause nehmen.<\/p>\n<p><img loading=\"lazy\" decoding=\"async\" class=\"alignnone size-full wp-image-1360\" src=\"https:\/\/zugerjagd.ch\/new\/wp-content\/uploads\/2023\/03\/P1000437_korr1.jpg\" alt=\"\" width=\"639\" height=\"480\" srcset=\"https:\/\/zugerjagd.ch\/new\/wp-content\/uploads\/2023\/03\/P1000437_korr1.jpg 639w, https:\/\/zugerjagd.ch\/new\/wp-content\/uploads\/2023\/03\/P1000437_korr1-300x225.jpg 300w, https:\/\/zugerjagd.ch\/new\/wp-content\/uploads\/2023\/03\/P1000437_korr1-600x451.jpg 600w\" sizes=\"auto, (max-width: 639px) 100vw, 639px\" \/><\/p>\n<p>Siegerfoto v.l.n.r.:<br \/>\nAlfred Meier Hubert H\u00e4usler Denise Rudin Marian Zilincan Alois Arnold<br \/>\nPr\u00e4sident Fuchsstich Diana (Verein\/Veteranen) Schrot<\/p>\n<p>&nbsp;<\/p>\n<p><strong>Rangliste Vereinsmeisterschaft: (Punktemaximum: 90 Punkte)<\/strong><br \/>\n1. Rang Marian Zilincan, Baar 86 Punkte<br \/>\n2. Rang Harald Frenademez, Knonau 84 Punkte<br \/>\n3. Rang Oliver H\u00e4usler, Cham 82 Punkte<\/p>\n<p><strong>Rangliste Fuchsstich: (Punktemaximum: 300 Punkte)<\/strong><br \/>\n1. Rang Hubert H\u00e4usler, Ober\u00e4geri 297 Punke<br \/>\n2. Rang Harald Frenademez, Knonau 295 Punkte<br \/>\n3. Rang Marcel Keiser, Nuheim 294 Punkte<\/p>\n<p><strong>Rangliste Schrotmeisterschaft: (Punktemaximum: 50 Punkte)<\/strong><br \/>\n1. Rang Alois Arnold, Allenwinden 48 Punkte<br \/>\n2. Rang Daniel Staub, Unter\u00e4geri 47 Punkt<br \/>\n3. Rang Michael Peter, Menzingen 44 Punkte<\/p>\n<p><strong>Rangliste Veteranencup: (Punktemaximum: 90 Punkte)<\/strong><br \/>\n1. Rang Marian Zilincan, Baar 86 Punkte<br \/>\n2. Rang Alois Iten, Edlibach 77 Punkte<br \/>\n3. Rang Werner Christen, Menzingen 77 Punkte<\/p>\n<p><strong>Rangliste Dianacup<\/strong><br \/>\n1. Rang Denise Rudin, H\u00fcnenberg 72 Punkte<br \/>\n2. Rang Martina Weber, Menzingen 68 Punkte<br \/>\n3. Rang Ursi Meierhans, Buonas 66 Punkte<\/p>\n<p><strong>Rangliste G\u00e4ste<\/strong><br \/>\n1. Rang Karl Steiner, Alptal 76 Punkte<\/p>\n<p><img loading=\"lazy\" decoding=\"async\" class=\"alignnone size-full wp-image-1359\" src=\"https:\/\/zugerjagd.ch\/new\/wp-content\/uploads\/2023\/03\/P1000444.jpg\" alt=\"\" width=\"640\" height=\"480\" srcset=\"https:\/\/zugerjagd.ch\/new\/wp-content\/uploads\/2023\/03\/P1000444.jpg 640w, https:\/\/zugerjagd.ch\/new\/wp-content\/uploads\/2023\/03\/P1000444-300x225.jpg 300w, https:\/\/zugerjagd.ch\/new\/wp-content\/uploads\/2023\/03\/P1000444-600x450.jpg 600w\" sizes=\"auto, (max-width: 640px) 100vw, 640px\" \/><\/p>\n<p>Im Namen des OK\u2019s danke ich allen Teilnehmer und ich freue mich auf das Vereinsjagdschiessen 2014.<\/p>\n<p>Schiessobmann des ZKPJV<br \/>\nBruno Baldegger<\/p>\n<p><img loading=\"lazy\" decoding=\"async\" class=\"alignnone size-full wp-image-1358\" src=\"https:\/\/zugerjagd.ch\/new\/wp-content\/uploads\/2023\/03\/P1000432.jpg\" alt=\"\" width=\"360\" height=\"480\" srcset=\"https:\/\/zugerjagd.ch\/new\/wp-content\/uploads\/2023\/03\/P1000432.jpg 360w, https:\/\/zugerjagd.ch\/new\/wp-content\/uploads\/2023\/03\/P1000432-225x300.jpg 225w\" sizes=\"auto, (max-width: 360px) 100vw, 360px\" \/>[\/vc_column_text][\/vc_column][\/vc_row]<\/p>\n<\/div>","protected":false},"excerpt":{"rendered":"<p>[vc_row][vc_column][vc_column_text]Vereinsjagdschiessen 2013 Bei bestem Schiesswetter konnte am 24. August 2013 das 15. Vereinsjagdschiessen des ZKPJV in der Jagdschiessanlage Chuewart in Unter\u00e4geri durchgef\u00fchrt werden. 79 J\u00e4gerinnen und J\u00e4ger haben daran teilgenommen. Erstmals wurde vom OK angeboten, dass unsere Zuger J\u00e4ger einen ausw\u00e4rtigen Jagdkollegen zum Schiessen mitbringen konnten. Leider wurde dieses Angebot wenig genutzt, sodass bei der [&hellip;]<\/p>\n","protected":false},"author":1,"featured_media":0,"parent":0,"menu_order":0,"comment_status":"closed","ping_status":"closed","template":"","meta":{"footnotes":""},"class_list":["post-35","page","type-page","status-publish","hentry"],"_links":{"self":[{"href":"https:\/\/zugerjagd.ch\/new\/wp-json\/wp\/v2\/pages\/35","targetHints":{"allow":["GET"]}}],"collection":[{"href":"https:\/\/zugerjagd.ch\/new\/wp-json\/wp\/v2\/pages"}],"about":[{"href":"https:\/\/zugerjagd.ch\/new\/wp-json\/wp\/v2\/types\/page"}],"author":[{"embeddable":true,"href":"https:\/\/zugerjagd.ch\/new\/wp-json\/wp\/v2\/users\/1"}],"replies":[{"embeddable":true,"href":"https:\/\/zugerjagd.ch\/new\/wp-json\/wp\/v2\/comments?post=35"}],"version-history":[{"count":3,"href":"https:\/\/zugerjagd.ch\/new\/wp-json\/wp\/v2\/pages\/35\/revisions"}],"predecessor-version":[{"id":1366,"href":"https:\/\/zugerjagd.ch\/new\/wp-json\/wp\/v2\/pages\/35\/revisions\/1366"}],"wp:attachment":[{"href":"https:\/\/zugerjagd.ch\/new\/wp-json\/wp\/v2\/media?parent=35"}],"curies":[{"name":"wp","href":"https:\/\/api.w.org\/{rel}","templated":true}]}}