{"id":32,"date":"2023-03-18T13:09:11","date_gmt":"2023-03-18T13:09:11","guid":{"rendered":"https:\/\/zugerjagd.ch\/new\/?page_id=32"},"modified":"2023-03-19T18:08:08","modified_gmt":"2023-03-19T18:08:08","slug":"schiessen-2016","status":"publish","type":"page","link":"https:\/\/zugerjagd.ch\/new\/schiessen-2016\/","title":{"rendered":"Schiessen 2016"},"content":{"rendered":"<div class=\"wpb-content-wrapper\"><p>[vc_row][vc_column][vc_column_text]<strong>Vereinsjagdschiessen des Zuger Kantonalen Patentj\u00e4gervereins vom 20. August 2016<\/strong><\/p>\n<p><img loading=\"lazy\" decoding=\"async\" class=\"alignnone size-full wp-image-1338\" src=\"https:\/\/zugerjagd.ch\/new\/wp-content\/uploads\/2023\/03\/20160820_133940-Siegerfoto.jpg\" alt=\"\" width=\"1024\" height=\"576\" srcset=\"https:\/\/zugerjagd.ch\/new\/wp-content\/uploads\/2023\/03\/20160820_133940-Siegerfoto.jpg 1024w, https:\/\/zugerjagd.ch\/new\/wp-content\/uploads\/2023\/03\/20160820_133940-Siegerfoto-300x169.jpg 300w, https:\/\/zugerjagd.ch\/new\/wp-content\/uploads\/2023\/03\/20160820_133940-Siegerfoto-768x432.jpg 768w, https:\/\/zugerjagd.ch\/new\/wp-content\/uploads\/2023\/03\/20160820_133940-Siegerfoto-600x338.jpg 600w\" sizes=\"auto, (max-width: 1024px) 100vw, 1024px\" \/><\/p>\n<p>Am 20. August 2016 konnte das 18. Vereinsjagdschiessen des ZKPJV in der Jagdschiessanlage Chuewart in Unter\u00e4geri durchgef\u00fchrt werden. 66 J\u00e4gerinnen und J\u00e4ger haben daran teilgenommen.<\/p>\n<p><img loading=\"lazy\" decoding=\"async\" class=\"alignnone size-full wp-image-1342\" src=\"https:\/\/zugerjagd.ch\/new\/wp-content\/uploads\/2023\/03\/20160820_123944-Gaben.jpg\" alt=\"\" width=\"1024\" height=\"576\" srcset=\"https:\/\/zugerjagd.ch\/new\/wp-content\/uploads\/2023\/03\/20160820_123944-Gaben.jpg 1024w, https:\/\/zugerjagd.ch\/new\/wp-content\/uploads\/2023\/03\/20160820_123944-Gaben-300x169.jpg 300w, https:\/\/zugerjagd.ch\/new\/wp-content\/uploads\/2023\/03\/20160820_123944-Gaben-768x432.jpg 768w, https:\/\/zugerjagd.ch\/new\/wp-content\/uploads\/2023\/03\/20160820_123944-Gaben-600x338.jpg 600w\" sizes=\"auto, (max-width: 1024px) 100vw, 1024px\" \/><\/p>\n<p>Peter Sch\u00f6n und seine Helfer konnten wiederum einen grossz\u00fcgigen und umfangreichen Gabentempel pr\u00e4sentieren. Herzlichen Dank an die vielen Sponsoren f\u00fcr ihre Grossz\u00fcgigkeit! Ohne deren Grossz\u00fcgigkeit w\u00e4re ein solcher Anlass mit so vielen Preisen nicht m\u00f6glich! Danke auch den zahlreiche und zuverl\u00e4ssigen Helfern.<\/p>\n<p><img loading=\"lazy\" decoding=\"async\" class=\"alignnone size-full wp-image-1341\" src=\"https:\/\/zugerjagd.ch\/new\/wp-content\/uploads\/2023\/03\/20160820_123927-Gaben.jpg\" alt=\"\" width=\"1024\" height=\"576\" srcset=\"https:\/\/zugerjagd.ch\/new\/wp-content\/uploads\/2023\/03\/20160820_123927-Gaben.jpg 1024w, https:\/\/zugerjagd.ch\/new\/wp-content\/uploads\/2023\/03\/20160820_123927-Gaben-300x169.jpg 300w, https:\/\/zugerjagd.ch\/new\/wp-content\/uploads\/2023\/03\/20160820_123927-Gaben-768x432.jpg 768w, https:\/\/zugerjagd.ch\/new\/wp-content\/uploads\/2023\/03\/20160820_123927-Gaben-600x338.jpg 600w\" sizes=\"auto, (max-width: 1024px) 100vw, 1024px\" \/><\/p>\n<p>Zum Schluss konnte Christian Staub, Risch als gl\u00fccklicher Gewinner die von der Direktion des Innern gespendete Wahlmarke f\u00fcr die Rehwildjagd mit nach Hause nehmen.<\/p>\n<p><img loading=\"lazy\" decoding=\"async\" class=\"alignnone size-full wp-image-1340\" src=\"https:\/\/zugerjagd.ch\/new\/wp-content\/uploads\/2023\/03\/20160820_144851-Rehmarke-k.jpg\" alt=\"\" width=\"999\" height=\"656\" srcset=\"https:\/\/zugerjagd.ch\/new\/wp-content\/uploads\/2023\/03\/20160820_144851-Rehmarke-k.jpg 999w, https:\/\/zugerjagd.ch\/new\/wp-content\/uploads\/2023\/03\/20160820_144851-Rehmarke-k-300x197.jpg 300w, https:\/\/zugerjagd.ch\/new\/wp-content\/uploads\/2023\/03\/20160820_144851-Rehmarke-k-768x504.jpg 768w, https:\/\/zugerjagd.ch\/new\/wp-content\/uploads\/2023\/03\/20160820_144851-Rehmarke-k-600x394.jpg 600w\" sizes=\"auto, (max-width: 999px) 100vw, 999px\" \/><\/p>\n<p>Alfred Meier OK-Pr\u00e4sident<\/p>\n<p><img loading=\"lazy\" decoding=\"async\" class=\"alignnone size-full wp-image-1339\" src=\"https:\/\/zugerjagd.ch\/new\/wp-content\/uploads\/2023\/03\/20160820_134011-Siegerfoto-mit-Gabenchef.jpg\" alt=\"\" width=\"1024\" height=\"576\" srcset=\"https:\/\/zugerjagd.ch\/new\/wp-content\/uploads\/2023\/03\/20160820_134011-Siegerfoto-mit-Gabenchef.jpg 1024w, https:\/\/zugerjagd.ch\/new\/wp-content\/uploads\/2023\/03\/20160820_134011-Siegerfoto-mit-Gabenchef-300x169.jpg 300w, https:\/\/zugerjagd.ch\/new\/wp-content\/uploads\/2023\/03\/20160820_134011-Siegerfoto-mit-Gabenchef-768x432.jpg 768w, https:\/\/zugerjagd.ch\/new\/wp-content\/uploads\/2023\/03\/20160820_134011-Siegerfoto-mit-Gabenchef-600x338.jpg 600w\" sizes=\"auto, (max-width: 1024px) 100vw, 1024px\" \/><\/p>\n<p><strong>Rangliste Vereinsmeisterschaft:<\/strong><br \/>\n1. Rang Brandenberg Hannes, Unter\u00e4geri<br \/>\n2. Rang Wahl Klaus, Rotkreuz<br \/>\n3. Rang Schondlowski J\u00f6rg, M\u00fchlau<br \/>\n4. Rang Peter Michael, Menzingen<\/p>\n<p><strong>Rangliste Fuchsstich:<\/strong><br \/>\n1. Rang H\u00e4usler Hubert, Ober\u00e4geri<br \/>\n2. Rang Sch\u00f6n Peter, Allenwinden<br \/>\n3. Rang Sch\u00f6n Frieda, Arth<\/p>\n<p><strong>Rangliste Schrotmeisterschaft:<\/strong><br \/>\n1. Rang Lehmann Armin, Seewen<br \/>\n2. Rang H\u00e4usler Hubert, Ober\u00e4geri<br \/>\n3. Rang Keiser Fabian, Zug<\/p>\n<p><strong>Rangliste Veteranencup:<\/strong><br \/>\n1. Rang Wahl Klaus, Rotkreuz<br \/>\n2. Rang Solca Giuseppe, H\u00fcnenberg<br \/>\n3. Rang St\u00f6ssel Walter, Cham<\/p>\n<p><strong>Rangliste Diana Cup<\/strong><br \/>\n1. Rang Nussbaumer Anja, Alosen<br \/>\n2. Rang Eicher Vreni, H\u00fcnenberg<br \/>\n3. Rang Rudin Denise, H\u00fcnenberg<\/p>\n<p><strong>Rangliste G\u00e4ste-Stich<\/strong><br \/>\n1. Rang Lehmann Armin, Seewen<br \/>\n2. Rang Steiner Karl, Alptal<br \/>\n3. Rang Schupp Hanspeter, Wollerau[\/vc_column_text][\/vc_column][\/vc_row]<\/p>\n<\/div>","protected":false},"excerpt":{"rendered":"<p>[vc_row][vc_column][vc_column_text]Vereinsjagdschiessen des Zuger Kantonalen Patentj\u00e4gervereins vom 20. August 2016 Am 20. August 2016 konnte das 18. Vereinsjagdschiessen des ZKPJV in der Jagdschiessanlage Chuewart in Unter\u00e4geri durchgef\u00fchrt werden. 66 J\u00e4gerinnen und J\u00e4ger haben daran teilgenommen. Peter Sch\u00f6n und seine Helfer konnten wiederum einen grossz\u00fcgigen und umfangreichen Gabentempel pr\u00e4sentieren. Herzlichen Dank an die vielen Sponsoren f\u00fcr ihre [&hellip;]<\/p>\n","protected":false},"author":1,"featured_media":0,"parent":0,"menu_order":0,"comment_status":"closed","ping_status":"closed","template":"","meta":{"footnotes":""},"class_list":["post-32","page","type-page","status-publish","hentry"],"_links":{"self":[{"href":"https:\/\/zugerjagd.ch\/new\/wp-json\/wp\/v2\/pages\/32","targetHints":{"allow":["GET"]}}],"collection":[{"href":"https:\/\/zugerjagd.ch\/new\/wp-json\/wp\/v2\/pages"}],"about":[{"href":"https:\/\/zugerjagd.ch\/new\/wp-json\/wp\/v2\/types\/page"}],"author":[{"embeddable":true,"href":"https:\/\/zugerjagd.ch\/new\/wp-json\/wp\/v2\/users\/1"}],"replies":[{"embeddable":true,"href":"https:\/\/zugerjagd.ch\/new\/wp-json\/wp\/v2\/comments?post=32"}],"version-history":[{"count":4,"href":"https:\/\/zugerjagd.ch\/new\/wp-json\/wp\/v2\/pages\/32\/revisions"}],"predecessor-version":[{"id":1356,"href":"https:\/\/zugerjagd.ch\/new\/wp-json\/wp\/v2\/pages\/32\/revisions\/1356"}],"wp:attachment":[{"href":"https:\/\/zugerjagd.ch\/new\/wp-json\/wp\/v2\/media?parent=32"}],"curies":[{"name":"wp","href":"https:\/\/api.w.org\/{rel}","templated":true}]}}