{"id":24,"date":"2023-03-18T13:09:11","date_gmt":"2023-03-18T13:09:11","guid":{"rendered":"https:\/\/zugerjagd.ch\/new\/?page_id=24"},"modified":"2024-08-22T14:37:21","modified_gmt":"2024-08-22T14:37:21","slug":"hundewesen","status":"publish","type":"page","link":"https:\/\/zugerjagd.ch\/new\/hundewesen\/","title":{"rendered":"Hundewesen"},"content":{"rendered":"<div class=\"wpb-content-wrapper\"><p>[vc_row][vc_column][vc_column_text css=&#8220;&#8220;]<strong>AGJ Arbeitsgemeinschaft f\u00fcr das Jagdhundewesen<\/strong><br \/>\n<strong>Meldung Leistungspr\u00fcfung<\/strong><\/p>\n<p>Bestellung des Ausweises \u00fcber bestandene anerkannte Jagdhunde-Leistungspr\u00fcfung wurde aufgrund mangelndem Interesse der kantonalen Jagdverwaltungen eingestellt. Bitte setzen Sie sich direkt mit der f\u00fcr Sie zust\u00e4ndigen kantonalen Jagdverwaltung in Verbindung.[\/vc_column_text][\/vc_column][\/vc_row]<\/p>\n<\/div>","protected":false},"excerpt":{"rendered":"<p>[vc_row][vc_column][vc_column_text css=&#8220;&#8220;]AGJ Arbeitsgemeinschaft f\u00fcr das Jagdhundewesen Meldung Leistungspr\u00fcfung Bestellung des Ausweises \u00fcber bestandene anerkannte Jagdhunde-Leistungspr\u00fcfung wurde aufgrund mangelndem Interesse der kantonalen Jagdverwaltungen eingestellt. Bitte setzen Sie sich direkt mit der f\u00fcr Sie zust\u00e4ndigen kantonalen Jagdverwaltung in Verbindung.[\/vc_column_text][\/vc_column][\/vc_row]<\/p>\n","protected":false},"author":1,"featured_media":0,"parent":0,"menu_order":0,"comment_status":"closed","ping_status":"closed","template":"","meta":{"footnotes":""},"class_list":["post-24","page","type-page","status-publish","hentry"],"_links":{"self":[{"href":"https:\/\/zugerjagd.ch\/new\/wp-json\/wp\/v2\/pages\/24","targetHints":{"allow":["GET"]}}],"collection":[{"href":"https:\/\/zugerjagd.ch\/new\/wp-json\/wp\/v2\/pages"}],"about":[{"href":"https:\/\/zugerjagd.ch\/new\/wp-json\/wp\/v2\/types\/page"}],"author":[{"embeddable":true,"href":"https:\/\/zugerjagd.ch\/new\/wp-json\/wp\/v2\/users\/1"}],"replies":[{"embeddable":true,"href":"https:\/\/zugerjagd.ch\/new\/wp-json\/wp\/v2\/comments?post=24"}],"version-history":[{"count":4,"href":"https:\/\/zugerjagd.ch\/new\/wp-json\/wp\/v2\/pages\/24\/revisions"}],"predecessor-version":[{"id":1763,"href":"https:\/\/zugerjagd.ch\/new\/wp-json\/wp\/v2\/pages\/24\/revisions\/1763"}],"wp:attachment":[{"href":"https:\/\/zugerjagd.ch\/new\/wp-json\/wp\/v2\/media?parent=24"}],"curies":[{"name":"wp","href":"https:\/\/api.w.org\/{rel}","templated":true}]}}