{"id":21,"date":"2023-03-18T13:09:11","date_gmt":"2023-03-18T13:09:11","guid":{"rendered":"https:\/\/zugerjagd.ch\/new\/?page_id=21"},"modified":"2025-03-25T15:11:33","modified_gmt":"2025-03-25T15:11:33","slug":"praesidiales","status":"publish","type":"page","link":"https:\/\/zugerjagd.ch\/new\/praesidiales\/","title":{"rendered":"Pr\u00e4sidiales"},"content":{"rendered":"<div class=\"wpb-content-wrapper\"><p>[vc_row][vc_column][vc_column_text css=&#8220;&#8220;]<strong>106. Generalversammlung Samstag, 28.03.2026<\/strong><\/p>\n<p>16.45 Uhr Abgabe der Troph\u00e4en in der Mehrzweckhalle Maienmatt in Ober\u00e4geri<br \/>\n17.00 Uhr \u00d6ffnung Troph\u00e4enschau<br \/>\n18.00 Uhr Nachtessen<br \/>\n19.00 Uhr GV<\/p>\n<p><strong>Bitte eure Troph\u00e4en aus der Zugerjagd w\u00e4hrend den B\u00fcro\u00f6ffnungszeiten bis sp\u00e4testens Freitagnachmittag 27.03.2026 an folgenden Stellen abgeben!!!!<\/strong><\/p>\n<ul>\n<li>Schreinerei Frenademez AG, Allmendstrasse 13, 6312 Steinhausen<\/li>\n<li>Brillen K\u00fcndig AG, Zugerstrasse 21, 6314 Unter\u00e4geri<\/li>\n<\/ul>\n<p><strong>Unter den Einreichungen werden diverse Sachpreise verlost !!!!<\/strong>[\/vc_column_text][\/vc_column][\/vc_row]<\/p>\n<\/div>","protected":false},"excerpt":{"rendered":"<p>[vc_row][vc_column][vc_column_text css=&#8220;&#8220;]106. Generalversammlung Samstag, 28.03.2026 16.45 Uhr Abgabe der Troph\u00e4en in der Mehrzweckhalle Maienmatt in Ober\u00e4geri 17.00 Uhr \u00d6ffnung Troph\u00e4enschau 18.00 Uhr Nachtessen 19.00 Uhr GV Bitte eure Troph\u00e4en aus der Zugerjagd w\u00e4hrend den B\u00fcro\u00f6ffnungszeiten bis sp\u00e4testens Freitagnachmittag 27.03.2026 an folgenden Stellen abgeben!!!! Schreinerei Frenademez AG, Allmendstrasse 13, 6312 Steinhausen Brillen K\u00fcndig AG, Zugerstrasse 21, [&hellip;]<\/p>\n","protected":false},"author":1,"featured_media":0,"parent":0,"menu_order":0,"comment_status":"closed","ping_status":"closed","template":"","meta":{"footnotes":""},"class_list":["post-21","page","type-page","status-publish","hentry"],"_links":{"self":[{"href":"https:\/\/zugerjagd.ch\/new\/wp-json\/wp\/v2\/pages\/21","targetHints":{"allow":["GET"]}}],"collection":[{"href":"https:\/\/zugerjagd.ch\/new\/wp-json\/wp\/v2\/pages"}],"about":[{"href":"https:\/\/zugerjagd.ch\/new\/wp-json\/wp\/v2\/types\/page"}],"author":[{"embeddable":true,"href":"https:\/\/zugerjagd.ch\/new\/wp-json\/wp\/v2\/users\/1"}],"replies":[{"embeddable":true,"href":"https:\/\/zugerjagd.ch\/new\/wp-json\/wp\/v2\/comments?post=21"}],"version-history":[{"count":11,"href":"https:\/\/zugerjagd.ch\/new\/wp-json\/wp\/v2\/pages\/21\/revisions"}],"predecessor-version":[{"id":1910,"href":"https:\/\/zugerjagd.ch\/new\/wp-json\/wp\/v2\/pages\/21\/revisions\/1910"}],"wp:attachment":[{"href":"https:\/\/zugerjagd.ch\/new\/wp-json\/wp\/v2\/media?parent=21"}],"curies":[{"name":"wp","href":"https:\/\/api.w.org\/{rel}","templated":true}]}}