{"id":1776,"date":"2024-09-03T06:35:28","date_gmt":"2024-09-03T06:35:28","guid":{"rendered":"https:\/\/zugerjagd.ch\/new\/?page_id=1776"},"modified":"2024-09-09T08:47:25","modified_gmt":"2024-09-09T08:47:25","slug":"impressionen-2023","status":"publish","type":"page","link":"https:\/\/zugerjagd.ch\/new\/impressionen-2023\/","title":{"rendered":"Impressionen 2023"},"content":{"rendered":"<div class=\"wpb-content-wrapper\"><p>[vc_row][vc_column][vc_column_text]Wir freuen uns \u00fcber aktuelle Fotos der Zugerjagd 2023, welche wir hier ver\u00f6ffentlichen d\u00fcrfen. Bitte schickt diese an <a href=\"mailto:webmaster@zugerjagd.ch\">webmaster@zugerjagd.ch<\/a>. Besten Dank.<\/p>\n<p>Allen J\u00e4gerinnen und J\u00e4ger w\u00fcnschen wir eine unfallfreie Jagd mit viel Anblick und Weidmannsheil![\/vc_column_text][\/vc_column][\/vc_row][vc_row][vc_column][vc_column_text]<strong>Hirschjagd 2023<\/strong>[\/vc_column_text][\/vc_column][\/vc_row][vc_row][vc_column][vc_gallery type=&#8220;image_grid&#8220; images=&#8220;1598,1597,1596,1595,1594,1607,1606,1613,1612,1611,1610,1609,1624&#8243;][\/vc_column][\/vc_row][vc_row][vc_column][vc_column_text]<strong>Gamsjagd 2023<\/strong>[\/vc_column_text][\/vc_column][\/vc_row][vc_row][vc_column][vc_gallery type=&#8220;image_grid&#8220; images=&#8220;1593,1592,1591,1603,1601,1602,1614,1619,1618,1617,1616,1615,1621&#8243;][\/vc_column][\/vc_row]<\/p>\n<\/div>","protected":false},"excerpt":{"rendered":"<p>[vc_row][vc_column][vc_column_text]Wir freuen uns \u00fcber aktuelle Fotos der Zugerjagd 2023, welche wir hier ver\u00f6ffentlichen d\u00fcrfen. Bitte schickt diese an webmaster@zugerjagd.ch. Besten Dank. Allen J\u00e4gerinnen und J\u00e4ger w\u00fcnschen wir eine unfallfreie Jagd mit viel Anblick und Weidmannsheil![\/vc_column_text][\/vc_column][\/vc_row][vc_row][vc_column][vc_column_text]Hirschjagd 2023[\/vc_column_text][\/vc_column][\/vc_row][vc_row][vc_column][vc_gallery type=&#8220;image_grid&#8220; images=&#8220;1598,1597,1596,1595,1594,1607,1606,1613,1612,1611,1610,1609,1624&#8243;][\/vc_column][\/vc_row][vc_row][vc_column][vc_column_text]Gamsjagd 2023[\/vc_column_text][\/vc_column][\/vc_row][vc_row][vc_column][vc_gallery type=&#8220;image_grid&#8220; images=&#8220;1593,1592,1591,1603,1601,1602,1614,1619,1618,1617,1616,1615,1621&#8243;][\/vc_column][\/vc_row]<\/p>\n","protected":false},"author":1,"featured_media":0,"parent":0,"menu_order":0,"comment_status":"closed","ping_status":"closed","template":"","meta":{"footnotes":""},"class_list":["post-1776","page","type-page","status-publish","hentry"],"_links":{"self":[{"href":"https:\/\/zugerjagd.ch\/new\/wp-json\/wp\/v2\/pages\/1776","targetHints":{"allow":["GET"]}}],"collection":[{"href":"https:\/\/zugerjagd.ch\/new\/wp-json\/wp\/v2\/pages"}],"about":[{"href":"https:\/\/zugerjagd.ch\/new\/wp-json\/wp\/v2\/types\/page"}],"author":[{"embeddable":true,"href":"https:\/\/zugerjagd.ch\/new\/wp-json\/wp\/v2\/users\/1"}],"replies":[{"embeddable":true,"href":"https:\/\/zugerjagd.ch\/new\/wp-json\/wp\/v2\/comments?post=1776"}],"version-history":[{"count":1,"href":"https:\/\/zugerjagd.ch\/new\/wp-json\/wp\/v2\/pages\/1776\/revisions"}],"predecessor-version":[{"id":1777,"href":"https:\/\/zugerjagd.ch\/new\/wp-json\/wp\/v2\/pages\/1776\/revisions\/1777"}],"wp:attachment":[{"href":"https:\/\/zugerjagd.ch\/new\/wp-json\/wp\/v2\/media?parent=1776"}],"curies":[{"name":"wp","href":"https:\/\/api.w.org\/{rel}","templated":true}]}}