{"id":170,"date":"2023-03-18T14:33:06","date_gmt":"2023-03-18T14:33:06","guid":{"rendered":"https:\/\/zugerjagd.ch\/new\/?page_id=170"},"modified":"2026-04-09T18:28:19","modified_gmt":"2026-04-09T18:28:19","slug":"home","status":"publish","type":"page","link":"https:\/\/zugerjagd.ch\/new\/","title":{"rendered":"Home"},"content":{"rendered":"<div class=\"wpb-content-wrapper\"><p>[vc_row][vc_column][vc_column_text]<strong>Herzlich Willkommen auf der offiziellen Website des Zuger Kantonalen Patentj\u00e4gervereins!<\/strong><\/p>\n<p><span class=\"markedContent\"><span dir=\"ltr\" role=\"presentation\">Der Zuger Kantonale Patentj\u00e4gerverein (ZKPJV) informiert <\/span><span dir=\"ltr\" role=\"presentation\">zu aktuellen Veranstaltungen f\u00fcr die Zuger J\u00e4ger und bietet <\/span><span dir=\"ltr\" role=\"presentation\">auf der Website auch allgemeine Informationen zur <\/span><span dir=\"ltr\" role=\"presentation\">Zugerjagd.<\/span><\/span>[\/vc_column_text][vc_single_image image=&#8220;1569&#8243; img_size=&#8220;full&#8220; alignment=&#8220;center&#8220;][vc_separator color=&#8220;black&#8220;][\/vc_column][\/vc_row][vc_row][vc_column][vc_column_text]Das f\u00fcr diese Website verwendete Bildmaterial stammt ausschliesslich aus dem Kanton Zug. Der Inhalt dieser Website, insbesondere das verwendete Bildmaterial, steht im Eigentum das ZKPJV.<\/p>\n<p>Anfragen und Anregungen bitten wir, direkt dem <a href=\"mailto:webmaster@zugerjagd.ch\">Webmaster<\/a> mitzuteilen.[\/vc_column_text][vc_separator color=&#8220;black&#8220;][\/vc_column][\/vc_row][vc_row][vc_column][vc_column_text]<strong>Aktuelle Fotos der Zugerjagd ver\u00f6ffentlichen wir gerne. Bitte schickt diese an <a href=\"mailto:webmaster@zugerjagd.ch\">webmaster@zugerjagd.ch<\/a>. Weidmannsdank. <\/strong>[\/vc_column_text][vc_separator color=&#8220;black&#8220;][\/vc_column][\/vc_row][vc_row][vc_column][vc_column_text css=&#8220;&#8220;]<strong>Letzte \u00c4nderungen<\/strong><\/p>\n<p><a href=\"https:\/\/zugerjagd.ch\/new\/aktuell\/\" rel=\"noopener\">Jahresprogramm 2026 [hier \u00f6ffnen]<\/a><a href=\"https:\/\/zugerjagd.ch\/new\/natur-jagdbilder\/\"><br \/>\n<\/a><a href=\"https:\/\/zugerjagd.ch\/new\/aktuell\/\" rel=\"noopener\">Jahresprogramm Schiesswesen 2026 [hier \u00f6ffnen]<\/a><br \/>\n<a href=\"https:\/\/zugerjagd.ch\/new\/naorg\/\">NAORG unsere Hunde im Einsatz inkl. Jahresprogramm NAORG [hier \u00f6ffnen]<\/a><br \/>\n<a href=\"https:\/\/zugerjagd.ch\/new\/natur-jagdbilder\/\">Impressionen der Gams-, Hirsch- und Rehjagd 2024<\/a><br \/>\n<a href=\"https:\/\/zg.ch\/de\/natur-umwelt-tiere\/arten-und-lebensraeume\/jagen\/info_laufende_jagd\">Information zur laufenden Jagd 2024 <\/a><br \/>\n<a href=\"https:\/\/zugerjagd.ch\/new\/wp-content\/uploads\/2024\/09\/2024_2025_Jagdbetriebsvorschriften.pdf\">Jagdbetriebsvorschriften 2024\/2025 [hier \u00f6ffnen]<\/a><br \/>\n<a href=\"https:\/\/zugerjagd.ch\/new\/rehkitzrettung\">Impressionen der Rehkitzrettung<\/a><br \/>\n<a href=\"https:\/\/zugerjagd.ch\/new\/video\/\">Video zu 100 Jahre ZKPJV<\/a>[\/vc_column_text][\/vc_column][\/vc_row]<\/p>\n<\/div>","protected":false},"excerpt":{"rendered":"<p>[vc_row][vc_column][vc_column_text]Herzlich Willkommen auf der offiziellen Website des Zuger Kantonalen Patentj\u00e4gervereins! Der Zuger Kantonale Patentj\u00e4gerverein (ZKPJV) informiert zu aktuellen Veranstaltungen f\u00fcr die Zuger J\u00e4ger und bietet auf der Website auch allgemeine Informationen zur Zugerjagd.[\/vc_column_text][vc_single_image image=&#8220;1569&#8243; img_size=&#8220;full&#8220; alignment=&#8220;center&#8220;][vc_separator color=&#8220;black&#8220;][\/vc_column][\/vc_row][vc_row][vc_column][vc_column_text]Das f\u00fcr diese Website verwendete Bildmaterial stammt ausschliesslich aus dem Kanton Zug. Der Inhalt dieser Website, insbesondere das verwendete [&hellip;]<\/p>\n","protected":false},"author":1,"featured_media":0,"parent":0,"menu_order":0,"comment_status":"closed","ping_status":"closed","template":"","meta":{"footnotes":""},"class_list":["post-170","page","type-page","status-publish","hentry"],"_links":{"self":[{"href":"https:\/\/zugerjagd.ch\/new\/wp-json\/wp\/v2\/pages\/170","targetHints":{"allow":["GET"]}}],"collection":[{"href":"https:\/\/zugerjagd.ch\/new\/wp-json\/wp\/v2\/pages"}],"about":[{"href":"https:\/\/zugerjagd.ch\/new\/wp-json\/wp\/v2\/types\/page"}],"author":[{"embeddable":true,"href":"https:\/\/zugerjagd.ch\/new\/wp-json\/wp\/v2\/users\/1"}],"replies":[{"embeddable":true,"href":"https:\/\/zugerjagd.ch\/new\/wp-json\/wp\/v2\/comments?post=170"}],"version-history":[{"count":61,"href":"https:\/\/zugerjagd.ch\/new\/wp-json\/wp\/v2\/pages\/170\/revisions"}],"predecessor-version":[{"id":1954,"href":"https:\/\/zugerjagd.ch\/new\/wp-json\/wp\/v2\/pages\/170\/revisions\/1954"}],"wp:attachment":[{"href":"https:\/\/zugerjagd.ch\/new\/wp-json\/wp\/v2\/media?parent=170"}],"curies":[{"name":"wp","href":"https:\/\/api.w.org\/{rel}","templated":true}]}}