{"id":13,"date":"2023-03-18T13:09:11","date_gmt":"2023-03-18T13:09:11","guid":{"rendered":"https:\/\/zugerjagd.ch\/new\/?page_id=13"},"modified":"2026-04-09T18:26:56","modified_gmt":"2026-04-09T18:26:56","slug":"aktuell","status":"publish","type":"page","link":"https:\/\/zugerjagd.ch\/new\/aktuell\/","title":{"rendered":"Aktuell"},"content":{"rendered":"<div class=\"wpb-content-wrapper\"><p>[vc_row][vc_column][vc_column_text css=&#8220;&#8220;]<strong>Informationen zur laufenden Jagd 2026<br \/>\n<\/strong><\/p>\n<p><a href=\"https:\/\/zg.ch\/de\/natur-umwelt-tiere\/arten-und-lebensraeume\/jagen\/info_laufende_jagd\" target=\"_blank\" rel=\"noopener\">[hier \u00f6ffnen]<\/a>[\/vc_column_text][\/vc_column][\/vc_row][vc_row][vc_column][vc_column_text css=&#8220;&#8220;]<strong>Jahresprogramm 2026 Schiessanl\u00e4sse des ZKPJV in der Chuewart in Unter\u00e4geri <\/strong><\/p>\n<p><a href=\"https:\/\/zugerjagd.ch\/new\/wp-content\/uploads\/2026\/04\/Schiesprogramm2026.pdf\" target=\"_blank\" rel=\"noopener\">Schiess-Jahresprogramm 2026 [hier \u00f6ffnen]<\/a>[\/vc_column_text][\/vc_column][\/vc_row][vc_row][vc_column][vc_separator color=&#8220;black&#8220;][vc_column_text css=&#8220;&#8220;]<strong>Jahresprogramm 2026<\/strong><\/p>\n<p><a href=\"https:\/\/zugerjagd.ch\/new\/wp-content\/uploads\/2026\/04\/2026Jahresprogrammallgemeingelb.pdf\" target=\"_blank\" rel=\"noopener\">Jahresprogramm 2026 [hier \u00f6ffnen]<\/a>[\/vc_column_text][\/vc_column][\/vc_row]<\/p>\n<\/div>","protected":false},"excerpt":{"rendered":"<p>[vc_row][vc_column][vc_column_text css=&#8220;&#8220;]Informationen zur laufenden Jagd 2026 [hier \u00f6ffnen][\/vc_column_text][\/vc_column][\/vc_row][vc_row][vc_column][vc_column_text css=&#8220;&#8220;]Jahresprogramm 2026 Schiessanl\u00e4sse des ZKPJV in der Chuewart in Unter\u00e4geri Schiess-Jahresprogramm 2026 [hier \u00f6ffnen][\/vc_column_text][\/vc_column][\/vc_row][vc_row][vc_column][vc_separator color=&#8220;black&#8220;][vc_column_text css=&#8220;&#8220;]Jahresprogramm 2026 Jahresprogramm 2026 [hier \u00f6ffnen][\/vc_column_text][\/vc_column][\/vc_row]<\/p>\n","protected":false},"author":1,"featured_media":0,"parent":0,"menu_order":0,"comment_status":"closed","ping_status":"closed","template":"","meta":{"footnotes":""},"class_list":["post-13","page","type-page","status-publish","hentry"],"_links":{"self":[{"href":"https:\/\/zugerjagd.ch\/new\/wp-json\/wp\/v2\/pages\/13","targetHints":{"allow":["GET"]}}],"collection":[{"href":"https:\/\/zugerjagd.ch\/new\/wp-json\/wp\/v2\/pages"}],"about":[{"href":"https:\/\/zugerjagd.ch\/new\/wp-json\/wp\/v2\/types\/page"}],"author":[{"embeddable":true,"href":"https:\/\/zugerjagd.ch\/new\/wp-json\/wp\/v2\/users\/1"}],"replies":[{"embeddable":true,"href":"https:\/\/zugerjagd.ch\/new\/wp-json\/wp\/v2\/comments?post=13"}],"version-history":[{"count":25,"href":"https:\/\/zugerjagd.ch\/new\/wp-json\/wp\/v2\/pages\/13\/revisions"}],"predecessor-version":[{"id":1953,"href":"https:\/\/zugerjagd.ch\/new\/wp-json\/wp\/v2\/pages\/13\/revisions\/1953"}],"wp:attachment":[{"href":"https:\/\/zugerjagd.ch\/new\/wp-json\/wp\/v2\/media?parent=13"}],"curies":[{"name":"wp","href":"https:\/\/api.w.org\/{rel}","templated":true}]}}